{"id":4,"date":"2015-09-08T15:47:49","date_gmt":"2015-09-08T15:47:49","guid":{"rendered":"http:\/\/cerebro\/zapcontabil\/www\/site\/home\/"},"modified":"2015-09-09T14:40:18","modified_gmt":"2015-09-09T17:40:18","slug":"home","status":"publish","type":"page","link":"https:\/\/www.zapcontabil.com.br\/site\/","title":{"rendered":"Home"},"content":{"rendered":"","protected":false},"excerpt":{"rendered":"","protected":false},"author":1,"featured_media":0,"parent":0,"menu_order":-1,"comment_status":"closed","ping_status":"closed","template":"home.php","meta":{"_acf_changed":false,"footnotes":""},"class_list":["post-4","page","type-page","status-publish","hentry"],"acf":[],"yoast_head":"<!-- This site is optimized with the Yoast SEO plugin v23.5 - https:\/\/yoast.com\/wordpress\/plugins\/seo\/ -->\n<title>Zap Cont\u00e1bil | Sua Melhor Op\u00e7\u00e3o em Contabilidade<\/title>\n<meta name=\"description\" content=\"A ZAP Contabilidade \u00e9 uma empresa que atua nas \u00e1reas; Cont\u00e1bil, Fiscal, Societ\u00e1rio e Trabalhista\/RH, com foco em Abertura, Altera\u00e7\u00e3o e Encerramento de Empresas.\" \/>\n<meta name=\"robots\" content=\"index, follow, max-snippet:-1, max-image-preview:large, max-video-preview:-1\" \/>\n<link rel=\"canonical\" href=\"https:\/\/www.zapcontabil.com.br\/site\/\" \/>\n<meta property=\"og:locale\" content=\"pt_BR\" \/>\n<meta property=\"og:type\" content=\"article\" \/>\n<meta property=\"og:title\" content=\"Zap Cont\u00e1bil | Sua Melhor Op\u00e7\u00e3o em Contabilidade\" \/>\n<meta property=\"og:description\" content=\"A ZAP Contabilidade \u00e9 uma empresa que atua nas \u00e1reas; Cont\u00e1bil, Fiscal, Societ\u00e1rio e Trabalhista\/RH, com foco em Abertura, Altera\u00e7\u00e3o e Encerramento de Empresas.\" \/>\n<meta property=\"og:url\" content=\"https:\/\/www.zapcontabil.com.br\/site\/\" \/>\n<meta property=\"og:site_name\" content=\"Zap Cont\u00e1bil\" \/>\n<meta property=\"article:modified_time\" content=\"2015-09-09T17:40:18+00:00\" \/>\n<meta name=\"twitter:card\" content=\"summary_large_image\" \/>\n<script type=\"application\/ld+json\" class=\"yoast-schema-graph\">{\"@context\":\"https:\/\/schema.org\",\"@graph\":[{\"@type\":\"WebPage\",\"@id\":\"https:\/\/www.zapcontabil.com.br\/site\/\",\"url\":\"https:\/\/www.zapcontabil.com.br\/site\/\",\"name\":\"Zap Cont\u00e1bil | Sua Melhor Op\u00e7\u00e3o em Contabilidade\",\"isPartOf\":{\"@id\":\"https:\/\/www.zapcontabil.com.br\/site\/#website\"},\"datePublished\":\"2015-09-08T15:47:49+00:00\",\"dateModified\":\"2015-09-09T17:40:18+00:00\",\"description\":\"A ZAP Contabilidade \u00e9 uma empresa que atua nas \u00e1reas; Cont\u00e1bil, Fiscal, Societ\u00e1rio e Trabalhista\/RH, com foco em Abertura, Altera\u00e7\u00e3o e Encerramento de Empresas.\",\"breadcrumb\":{\"@id\":\"https:\/\/www.zapcontabil.com.br\/site\/#breadcrumb\"},\"inLanguage\":\"pt-BR\",\"potentialAction\":[{\"@type\":\"ReadAction\",\"target\":[\"https:\/\/www.zapcontabil.com.br\/site\/\"]}]},{\"@type\":\"BreadcrumbList\",\"@id\":\"https:\/\/www.zapcontabil.com.br\/site\/#breadcrumb\",\"itemListElement\":[{\"@type\":\"ListItem\",\"position\":1,\"name\":\"In\u00edcio\",\"item\":\"https:\/\/www.zapcontabil.com.br\/site\/\"},{\"@type\":\"ListItem\",\"position\":2,\"name\":\"Home\"}]},{\"@type\":\"WebSite\",\"@id\":\"https:\/\/www.zapcontabil.com.br\/site\/#website\",\"url\":\"https:\/\/www.zapcontabil.com.br\/site\/\",\"name\":\"Zap Cont\u00e1bil\",\"description\":\"Sua Melhor Op\u00e7\u00e3o em Contabilidade\",\"publisher\":{\"@id\":\"https:\/\/www.zapcontabil.com.br\/site\/#organization\"},\"potentialAction\":[{\"@type\":\"SearchAction\",\"target\":{\"@type\":\"EntryPoint\",\"urlTemplate\":\"https:\/\/www.zapcontabil.com.br\/site\/?s={search_term_string}\"},\"query-input\":{\"@type\":\"PropertyValueSpecification\",\"valueRequired\":true,\"valueName\":\"search_term_string\"}}],\"inLanguage\":\"pt-BR\"},{\"@type\":\"Organization\",\"@id\":\"https:\/\/www.zapcontabil.com.br\/site\/#organization\",\"name\":\"ZAP Cont\u00e1bil\",\"url\":\"https:\/\/www.zapcontabil.com.br\/site\/\",\"logo\":{\"@type\":\"ImageObject\",\"inLanguage\":\"pt-BR\",\"@id\":\"https:\/\/www.zapcontabil.com.br\/site\/#\/schema\/logo\/image\/\",\"url\":\"https:\/\/www.zapcontabil.com.br\/site\/wp-content\/uploads\/2015\/11\/novo-logotipo.png\",\"contentUrl\":\"https:\/\/www.zapcontabil.com.br\/site\/wp-content\/uploads\/2015\/11\/novo-logotipo.png\",\"width\":220,\"height\":145,\"caption\":\"ZAP Cont\u00e1bil\"},\"image\":{\"@id\":\"https:\/\/www.zapcontabil.com.br\/site\/#\/schema\/logo\/image\/\"}}]}<\/script>\n<!-- \/ Yoast SEO plugin. -->","yoast_head_json":{"title":"Zap Cont\u00e1bil | Sua Melhor Op\u00e7\u00e3o em Contabilidade","description":"A ZAP Contabilidade \u00e9 uma empresa que atua nas \u00e1reas; Cont\u00e1bil, Fiscal, Societ\u00e1rio e Trabalhista\/RH, com foco em Abertura, Altera\u00e7\u00e3o e Encerramento de Empresas.","robots":{"index":"index","follow":"follow","max-snippet":"max-snippet:-1","max-image-preview":"max-image-preview:large","max-video-preview":"max-video-preview:-1"},"canonical":"https:\/\/www.zapcontabil.com.br\/site\/","og_locale":"pt_BR","og_type":"article","og_title":"Zap Cont\u00e1bil | Sua Melhor Op\u00e7\u00e3o em Contabilidade","og_description":"A ZAP Contabilidade \u00e9 uma empresa que atua nas \u00e1reas; Cont\u00e1bil, Fiscal, Societ\u00e1rio e Trabalhista\/RH, com foco em Abertura, Altera\u00e7\u00e3o e Encerramento de Empresas.","og_url":"https:\/\/www.zapcontabil.com.br\/site\/","og_site_name":"Zap Cont\u00e1bil","article_modified_time":"2015-09-09T17:40:18+00:00","twitter_card":"summary_large_image","schema":{"@context":"https:\/\/schema.org","@graph":[{"@type":"WebPage","@id":"https:\/\/www.zapcontabil.com.br\/site\/","url":"https:\/\/www.zapcontabil.com.br\/site\/","name":"Zap Cont\u00e1bil | Sua Melhor Op\u00e7\u00e3o em Contabilidade","isPartOf":{"@id":"https:\/\/www.zapcontabil.com.br\/site\/#website"},"datePublished":"2015-09-08T15:47:49+00:00","dateModified":"2015-09-09T17:40:18+00:00","description":"A ZAP Contabilidade \u00e9 uma empresa que atua nas \u00e1reas; Cont\u00e1bil, Fiscal, Societ\u00e1rio e Trabalhista\/RH, com foco em Abertura, Altera\u00e7\u00e3o e Encerramento de Empresas.","breadcrumb":{"@id":"https:\/\/www.zapcontabil.com.br\/site\/#breadcrumb"},"inLanguage":"pt-BR","potentialAction":[{"@type":"ReadAction","target":["https:\/\/www.zapcontabil.com.br\/site\/"]}]},{"@type":"BreadcrumbList","@id":"https:\/\/www.zapcontabil.com.br\/site\/#breadcrumb","itemListElement":[{"@type":"ListItem","position":1,"name":"In\u00edcio","item":"https:\/\/www.zapcontabil.com.br\/site\/"},{"@type":"ListItem","position":2,"name":"Home"}]},{"@type":"WebSite","@id":"https:\/\/www.zapcontabil.com.br\/site\/#website","url":"https:\/\/www.zapcontabil.com.br\/site\/","name":"Zap Cont\u00e1bil","description":"Sua Melhor Op\u00e7\u00e3o em Contabilidade","publisher":{"@id":"https:\/\/www.zapcontabil.com.br\/site\/#organization"},"potentialAction":[{"@type":"SearchAction","target":{"@type":"EntryPoint","urlTemplate":"https:\/\/www.zapcontabil.com.br\/site\/?s={search_term_string}"},"query-input":{"@type":"PropertyValueSpecification","valueRequired":true,"valueName":"search_term_string"}}],"inLanguage":"pt-BR"},{"@type":"Organization","@id":"https:\/\/www.zapcontabil.com.br\/site\/#organization","name":"ZAP Cont\u00e1bil","url":"https:\/\/www.zapcontabil.com.br\/site\/","logo":{"@type":"ImageObject","inLanguage":"pt-BR","@id":"https:\/\/www.zapcontabil.com.br\/site\/#\/schema\/logo\/image\/","url":"https:\/\/www.zapcontabil.com.br\/site\/wp-content\/uploads\/2015\/11\/novo-logotipo.png","contentUrl":"https:\/\/www.zapcontabil.com.br\/site\/wp-content\/uploads\/2015\/11\/novo-logotipo.png","width":220,"height":145,"caption":"ZAP Cont\u00e1bil"},"image":{"@id":"https:\/\/www.zapcontabil.com.br\/site\/#\/schema\/logo\/image\/"}}]}},"_links":{"self":[{"href":"https:\/\/www.zapcontabil.com.br\/site\/wp-json\/wp\/v2\/pages\/4"}],"collection":[{"href":"https:\/\/www.zapcontabil.com.br\/site\/wp-json\/wp\/v2\/pages"}],"about":[{"href":"https:\/\/www.zapcontabil.com.br\/site\/wp-json\/wp\/v2\/types\/page"}],"author":[{"embeddable":true,"href":"https:\/\/www.zapcontabil.com.br\/site\/wp-json\/wp\/v2\/users\/1"}],"replies":[{"embeddable":true,"href":"https:\/\/www.zapcontabil.com.br\/site\/wp-json\/wp\/v2\/comments?post=4"}],"version-history":[{"count":2,"href":"https:\/\/www.zapcontabil.com.br\/site\/wp-json\/wp\/v2\/pages\/4\/revisions"}],"predecessor-version":[{"id":103,"href":"https:\/\/www.zapcontabil.com.br\/site\/wp-json\/wp\/v2\/pages\/4\/revisions\/103"}],"wp:attachment":[{"href":"https:\/\/www.zapcontabil.com.br\/site\/wp-json\/wp\/v2\/media?parent=4"}],"curies":[{"name":"wp","href":"https:\/\/api.w.org\/{rel}","templated":true}]}}